{"id":3610,"date":"2014-12-22T21:24:53","date_gmt":"2014-12-22T21:24:53","guid":{"rendered":"http:\/\/ac-society.org\/wp\/?page_id=3610"},"modified":"2023-06-03T17:31:00","modified_gmt":"2023-06-03T17:31:00","slug":"home-acs-french","status":"publish","type":"page","link":"https:\/\/ac-society.org\/wp\/fr\/home-acs-french\/","title":{"rendered":"Home ACS French"},"content":{"rendered":"<div id='layer_slider_1'  class='avia-layerslider main_color avia-shadow  avia-builder-el-0  el_before_av_section  avia-builder-el-first  container_wrap fullsize'  style='height: 551px;'  ><\/div>\n<div id='av_section_1'  class='avia-section av-y7y7q2-431599fc64d6b83c0ff9af60e2c11767 main_color avia-section-default avia-no-shadow  avia-builder-el-1  el_after_av_layerslider  el_before_av_section  avia-bg-style-scroll container_wrap fullsize'  ><div class='container av-section-cont-open' ><div class='template-page content  av-content-full alpha units'><div class='post-entry post-entry-type-page post-entry-3610'><div class='entry-content-wrapper clearfix'>\n<section  class='av_textblock_section av-vxt1e2-90067469848d30c9f784d00dc4557744'  itemscope=\"itemscope\" itemtype=\"https:\/\/schema.org\/CreativeWork\" ><div class='avia_textblock'  itemprop=\"text\" ><h2 style=\"text-align: center;\"><span style=\"color: #005596; font-family: 'Gentium Book Basic', serif;\">SOCI\u00c9T\u00c9 CARDIOVASCULAIRE DE L\u2019ATLANTIQUE<\/span><\/h2>\n<\/div><\/section>\n<div  class='hr av-u6tt0q-c2c713c90b509276e97b4d210c3069c4 hr-short  avia-builder-el-3  el_after_av_textblock  el_before_av_textblock  hr-center'><span class='hr-inner '><span class=\"hr-inner-style\"><\/span><\/span><\/div>\n<section  class='av_textblock_section av-sauylm-5aedce4a232c02b614b44af427a0d045'  itemscope=\"itemscope\" itemtype=\"https:\/\/schema.org\/CreativeWork\" ><div class='avia_textblock'  itemprop=\"text\" ><h5 style=\"text-align: center;\"><strong>D\u00e9velopper une approche coop\u00e9rative pour l\u2019avancement de la sant\u00e9 et du bien-\u00eatre cardiovasculaires au Canada atlantique<\/strong><\/h5>\n<\/div><\/section>\n\n<\/div><\/div><\/div><!-- close content main div --><\/div><\/div><div id='av_section_2'  class='avia-section av-rtqbiy-e97e3caad8def7f6148a0d169ef3955a alternate_color avia-section-large avia-shadow  avia-builder-el-5  el_after_av_section  el_before_av_section  avia-bg-style-scroll container_wrap fullsize'  ><div class='container av-section-cont-open' ><div class='template-page content  av-content-full alpha units'><div class='post-entry post-entry-type-page post-entry-3610'><div class='entry-content-wrapper clearfix'>\n<div class='flex_column av-p83h7u-fa51a0873910b1a9f067d76e92cf8e74 av_one_third  avia-builder-el-6  el_before_av_one_third  avia-builder-el-first  first flex_column_div '     ><article  class='iconbox iconbox_left av-av_icon_box-56a64f8d15113e24d4071c03cf5e6f8a  avia-builder-el-7  avia-builder-el-no-sibling '  itemscope=\"itemscope\" itemtype=\"https:\/\/schema.org\/CreativeWork\" ><div class=\"iconbox_content\"><header class=\"entry-content-header\"><div class=\"iconbox_icon heading-color\" aria-hidden='true' data-av_icon='\ue807' data-av_iconfont='entypo-fontello'><\/div><h3 class='iconbox_content_title '  itemprop=\"headline\" >Initiatives<\/h3><\/header><div class='iconbox_content_container '  itemprop=\"text\" ><p><a title=\"l\u2019Initiative antiplaquettaire de l\u2019Atlantique\" href=\"https:\/\/ac-society.org\/wp\/fr\/initiatives-antiplaquettaire\/\">l\u2019Initiative antiplaquettaire de l\u2019Atlantique<\/a><\/p>\n<\/div><\/div><footer class=\"entry-footer\"><\/footer><\/article><\/div><div class='flex_column av-m2rm7u-2544ed287d8417aa2529261509681023 av_one_third  avia-builder-el-8  el_after_av_one_third  el_before_av_one_third  flex_column_div '     ><article  class='iconbox iconbox_left av-av_icon_box-5f583195c5424e24aa4b30f2f99673ff  avia-builder-el-9  avia-builder-el-no-sibling '  itemscope=\"itemscope\" itemtype=\"https:\/\/schema.org\/CreativeWork\" ><div class=\"iconbox_content\"><header class=\"entry-content-header\"><div class=\"iconbox_icon heading-color\" aria-hidden='true' data-av_icon='\ue856' data-av_iconfont='entypo-fontello'><\/div><h3 class='iconbox_content_title '  itemprop=\"headline\" >Outils<\/h3><\/header><div class='iconbox_content_container '  itemprop=\"text\" ><p><a title=\"Outils t\u00e9l\u00e9chargeables\" href=\"https:\/\/ac-society.org\/wp\/en\/resources\/management-tools\/\">Outils t\u00e9l\u00e9chargeables<\/a><br \/>\n<a title=\"Diapositives PowerPoint\" href=\"https:\/\/ac-society.org\/wp\/en\/resources\/oac-panel-recommendation-slide-deck\/\">Diapositives PowerPoint<\/a><\/p>\n<\/div><\/div><footer class=\"entry-footer\"><\/footer><\/article><\/div><div class='flex_column av-io31ay-2a366659dd5e454774fbb008de9efb32 av_one_third  avia-builder-el-10  el_after_av_one_third  avia-builder-el-last  flex_column_div '     ><article  class='iconbox iconbox_left av-av_icon_box-39cbd27ddaa0aa5f679348114ae16654  avia-builder-el-11  avia-builder-el-no-sibling '  itemscope=\"itemscope\" itemtype=\"https:\/\/schema.org\/CreativeWork\" ><div class=\"iconbox_content\"><header class=\"entry-content-header\"><div class=\"iconbox_icon heading-color\" aria-hidden='true' data-av_icon='\ue80b' data-av_iconfont='entypo-fontello'><\/div><h3 class='iconbox_content_title '  itemprop=\"headline\" >MEMBRES<\/h3><\/header><div class='iconbox_content_container '  itemprop=\"text\" ><p><a title=\"Aplication d'adh\u00e9sion\" href=\"https:\/\/ac-society.org\/wp\/en\/who-we-are\/membership\/\">Aplication d&#8217;adh\u00e9sion<\/a><\/p>\n<\/div><\/div><footer class=\"entry-footer\"><\/footer><\/article><\/div>\n\n<\/div><\/div><\/div><!-- close content main div --><\/div><\/div>\n<style type=\"text\/css\" data-created_by=\"avia_inline_auto\" id=\"style-css-av-gbdp2i-b72f200a1d51f2ae388939bdd0e7813b\">\n.avia-section.av-gbdp2i-b72f200a1d51f2ae388939bdd0e7813b{\nbackground-repeat:no-repeat;\nbackground-image:url(https:\/\/ac-society.org\/wp\/wp-content\/uploads\/2015\/02\/acs_light_house_new.jpg);\nbackground-position:0% 0%;\nbackground-attachment:scroll;\n}\n<\/style>\n<div id='av_section_3'  class='avia-section av-gbdp2i-b72f200a1d51f2ae388939bdd0e7813b main_color avia-section-small avia-shadow  avia-builder-el-12  el_after_av_section  avia-builder-el-last  avia-full-stretch avia-bg-style-scroll av-minimum-height av-minimum-height-custom  container_wrap fullsize'  data-section-bg-repeat='stretch' data-av_minimum_height_px='250'><div class='container av-section-cont-open' style='height:250px'><div class='template-page content  av-content-full alpha units'><div class='post-entry post-entry-type-page post-entry-3610'><div class='entry-content-wrapper clearfix'>\n<div class='flex_column av-dn86ve-3c065ae3397198441451d203bbd0a0a8 av_one_third  avia-builder-el-13  el_before_av_two_third  avia-builder-el-first  first flex_column_div '     ><\/div><div class='flex_column av-d3oqsq-004ae4b7ac251931084f5e8c60781f14 av_two_third  avia-builder-el-14  el_after_av_one_third  avia-builder-el-last  flex_column_div '     ><style type=\"text\/css\" data-created_by=\"avia_inline_auto\" id=\"style-css-av-aougi2-c119ce0b989701bcaae7312d8caa2d33\">\n#top .av_textblock_section.av-aougi2-c119ce0b989701bcaae7312d8caa2d33 .avia_textblock{\ncolor:#9a1f21;\n}\n<\/style>\n<section  class='av_textblock_section av-aougi2-c119ce0b989701bcaae7312d8caa2d33'  itemscope=\"itemscope\" itemtype=\"https:\/\/schema.org\/CreativeWork\" ><div class='avia_textblock av_inherit_color'  itemprop=\"text\" ><h2 style=\"text-align: right; margin-top: 15px;\">\u00c0 Propos De Nous<\/h2>\n<\/div><\/section><br \/>\n<div  class='hr av-9mzi56-8158d8f4748cfe899b69a0601f816441 hr-short  avia-builder-el-16  el_after_av_textblock  el_before_av_textblock  hr-right'><span class='hr-inner '><span class=\"hr-inner-style\"><\/span><\/span><\/div><br \/>\n\n<style type=\"text\/css\" data-created_by=\"avia_inline_auto\" id=\"style-css-av-6sy0ru-32afedb2683a36c102d41cd16a894ed2\">\n#top .av_textblock_section.av-6sy0ru-32afedb2683a36c102d41cd16a894ed2 .avia_textblock{\ncolor:#515151;\n}\n<\/style>\n<section  class='av_textblock_section av-6sy0ru-32afedb2683a36c102d41cd16a894ed2'  itemscope=\"itemscope\" itemtype=\"https:\/\/schema.org\/CreativeWork\" ><div class='avia_textblock av_inherit_color'  itemprop=\"text\" ><p style=\"text-align: right;\"><strong>La Soci\u00e9t\u00e9 cardiovasculaire de l\u2019Atlantique repr\u00e9sentera les prestataires de soins cardiovasculaires de tout le Canada atlantique. \u00c0 la diff\u00e9rence des autres soci\u00e9t\u00e9s et conseils, la SCA mobilisera tous les m\u00e9decins ayant un int\u00e9r\u00eat et un r\u00f4le en sant\u00e9 cardiovasculaire. Par la suite, en cr\u00e9ant une cat\u00e9gorie pour les membres associ\u00e9s, la Soci\u00e9t\u00e9 mobilisera d\u2019autres professionnels des soins cardiovasculaires tel que les sp\u00e9cialistes en soins infirmiers et en di\u00e9t\u00e9tique ou les pharmaciens cliniques.<\/strong><\/p>\n<\/div><\/section><br \/>\n<div  class='hr av-6jlikq-1acc047b87c1d69c65f01c007c807fda hr-short  avia-builder-el-18  el_after_av_textblock  el_before_av_textblock  hr-right'><span class='hr-inner '><span class=\"hr-inner-style\"><\/span><\/span><\/div><br \/>\n\n<style type=\"text\/css\" data-created_by=\"avia_inline_auto\" id=\"style-css-av-3l6hwq-d1540f45b1273358509b0d06c0cef192\">\n#top .av_textblock_section.av-3l6hwq-d1540f45b1273358509b0d06c0cef192 .avia_textblock{\ncolor:#9a1f21;\n}\n<\/style>\n<section  class='av_textblock_section av-3l6hwq-d1540f45b1273358509b0d06c0cef192'  itemscope=\"itemscope\" itemtype=\"https:\/\/schema.org\/CreativeWork\" ><div class='avia_textblock av_inherit_color'  itemprop=\"text\" ><h2 style=\"text-align: right;\">Vous nous connaissez par c\u0153ur<\/h2>\n<\/div><\/section><br \/>\n<div  class='hr av-2j1gwa-6eb3b466205d1caaa72e452205a82f70 hr-short  avia-builder-el-20  el_after_av_textblock  avia-builder-el-last  hr-right'><span class='hr-inner '><span class=\"hr-inner-style\"><\/span><\/span><\/div><\/p><\/div>\n\n","protected":false},"excerpt":{"rendered":"","protected":false},"author":1,"featured_media":0,"parent":0,"menu_order":0,"comment_status":"closed","ping_status":"closed","template":"","meta":{"_links_to":"","_links_to_target":""},"_links":{"self":[{"href":"https:\/\/ac-society.org\/wp\/wp-json\/wp\/v2\/pages\/3610"}],"collection":[{"href":"https:\/\/ac-society.org\/wp\/wp-json\/wp\/v2\/pages"}],"about":[{"href":"https:\/\/ac-society.org\/wp\/wp-json\/wp\/v2\/types\/page"}],"author":[{"embeddable":true,"href":"https:\/\/ac-society.org\/wp\/wp-json\/wp\/v2\/users\/1"}],"replies":[{"embeddable":true,"href":"https:\/\/ac-society.org\/wp\/wp-json\/wp\/v2\/comments?post=3610"}],"version-history":[{"count":75,"href":"https:\/\/ac-society.org\/wp\/wp-json\/wp\/v2\/pages\/3610\/revisions"}],"predecessor-version":[{"id":9301,"href":"https:\/\/ac-society.org\/wp\/wp-json\/wp\/v2\/pages\/3610\/revisions\/9301"}],"wp:attachment":[{"href":"https:\/\/ac-society.org\/wp\/wp-json\/wp\/v2\/media?parent=3610"}],"curies":[{"name":"wp","href":"https:\/\/api.w.org\/{rel}","templated":true}]}}