{"id":4492,"date":"2015-01-10T17:55:00","date_gmt":"2015-01-10T17:55:00","guid":{"rendered":"http:\/\/ac-society.org\/wp\/?page_id=4492"},"modified":"2026-03-31T09:58:07","modified_gmt":"2026-03-31T09:58:07","slug":"notre_equipe","status":"publish","type":"page","link":"https:\/\/ac-society.org\/wp\/fr\/qui-nous-sommes\/notre_equipe\/","title":{"rendered":"Notre \u00e9quipe"},"content":{"rendered":"\n<style type=\"text\/css\" data-created_by=\"avia_inline_auto\" id=\"style-css-av-3k75fw-7bc96fbc99662744c3870f9f1d9546c6\">\n#top .av-special-heading.av-3k75fw-7bc96fbc99662744c3870f9f1d9546c6{\npadding-bottom:10px;\n}\nbody .av-special-heading.av-3k75fw-7bc96fbc99662744c3870f9f1d9546c6 .av-special-heading-tag .heading-char{\nfont-size:25px;\n}\n.av-special-heading.av-3k75fw-7bc96fbc99662744c3870f9f1d9546c6 .av-subheading{\nfont-size:15px;\n}\n<\/style>\n<div  class='av-special-heading av-3k75fw-7bc96fbc99662744c3870f9f1d9546c6 av-special-heading-h3  avia-builder-el-0  el_before_av_one_half  avia-builder-el-first '><h3 class='av-special-heading-tag'  itemprop=\"headline\"  >Administration<\/h3><div class=\"special-heading-border\"><div class=\"special-heading-inner-border\"><\/div><\/div><\/div>\n\n<style type=\"text\/css\" data-created_by=\"avia_inline_auto\" id=\"style-css-av-17jrzvw-5f1a85c81e189cc664dbf88bb0b49d7e\">\n.flex_column.av-17jrzvw-5f1a85c81e189cc664dbf88bb0b49d7e{\n-webkit-border-radius:0px 0px 0px 0px;\n-moz-border-radius:0px 0px 0px 0px;\nborder-radius:0px 0px 0px 0px;\n}\n<\/style>\n<div class='flex_column av-17jrzvw-5f1a85c81e189cc664dbf88bb0b49d7e av_one_half  avia-builder-el-1  el_after_av_heading  el_before_av_one_half  first flex_column_div av-zero-column-padding '     ><section  class='avia-team-member av-k71y69f0-20086bddf6b1db3ae4c921679dd24bb0  avia-builder-el-2  avia-builder-el-no-sibling '  itemscope=\"itemscope\" itemtype=\"https:\/\/schema.org\/Person\" ><h3 class='team-member-name '  itemprop=\"name\" >Dr. Ron Bourgeois<\/h3><div class='team-member-job-title '  itemprop=\"jobTitle\" >Pr\u00e9sident<\/div><div class='team-member-description '  itemprop=\"description\" ><p>The Moncton Hospital<br \/>\n135 MacBeath Avenue<br \/>\nMoncton, NB E1C 6Z8<\/p>\n<\/div><span class='hidden team-member-affiliation'  itemprop=\"affiliation\" >Atlantic Cardiovascular Society<\/span><\/section><\/div>\n\n<style type=\"text\/css\" data-created_by=\"avia_inline_auto\" id=\"style-css-av-1442z8s-b084f0543fd0c80bfa52af817b209f6c\">\n.flex_column.av-1442z8s-b084f0543fd0c80bfa52af817b209f6c{\n-webkit-border-radius:0px 0px 0px 0px;\n-moz-border-radius:0px 0px 0px 0px;\nborder-radius:0px 0px 0px 0px;\n}\n<\/style>\n<div class='flex_column av-1442z8s-b084f0543fd0c80bfa52af817b209f6c av_one_half  avia-builder-el-3  el_after_av_one_half  el_before_av_one_half  flex_column_div av-zero-column-padding '     ><section  class='avia-team-member av-12wmc30-6e02c29d07dba3c743b6e56abbe14396  avia-builder-el-4  avia-builder-el-no-sibling '  itemscope=\"itemscope\" itemtype=\"https:\/\/schema.org\/Person\" ><h3 class='team-member-name '  itemprop=\"name\" >Dr. Sherief Kamel<\/h3><div class='team-member-job-title '  itemprop=\"jobTitle\" >Tr\u00e9sorier<\/div><div class='team-member-description '  itemprop=\"description\" ><p>The Moncton Hospital<br \/>\n135 MacBeth Ave.<br \/>\nMoncton, NB E1C 6Z8<\/p>\n<\/div><span class='hidden team-member-affiliation'  itemprop=\"affiliation\" >Atlantic Cardiovascular Society<\/span><\/section><\/div>\n\n<style type=\"text\/css\" data-created_by=\"avia_inline_auto\" id=\"style-css-av-11zahn0-22b2e0f047d0ae5040c861aeac4a9e81\">\n.flex_column.av-11zahn0-22b2e0f047d0ae5040c861aeac4a9e81{\n-webkit-border-radius:0px 0px 0px 0px;\n-moz-border-radius:0px 0px 0px 0px;\nborder-radius:0px 0px 0px 0px;\n}\n<\/style>\n<div class='flex_column av-11zahn0-22b2e0f047d0ae5040c861aeac4a9e81 av_one_half  avia-builder-el-5  el_after_av_one_half  el_before_av_one_half  first flex_column_div av-zero-column-padding column-top-margin'     ><section  class='avia-team-member av-k71yb7n0-a274f80427893a0fa992d920b6f36150  avia-builder-el-6  avia-builder-el-no-sibling '  itemscope=\"itemscope\" itemtype=\"https:\/\/schema.org\/Person\" ><h3 class='team-member-name '  itemprop=\"name\" >Dr. David Marr<\/h3><div class='team-member-job-title '  itemprop=\"jobTitle\" >Imm\u00e9diate Pr\u00e9sident Sortant<\/div><div class='team-member-description '  itemprop=\"description\" ><p>Saint John Medical Clinic<br \/>\n299 Metcalf Street<br \/>\nSaint John, NB B2K 4P8<\/p>\n<\/div><span class='hidden team-member-affiliation'  itemprop=\"affiliation\" >Atlantic Cardiovascular Society<\/span><\/section><\/div>\n<div class='flex_column av-zogg8s-3784c21c7822fc361880fe5a46af9426 av_one_half  avia-builder-el-7  el_after_av_one_half  el_before_av_one_half  flex_column_div column-top-margin'     ><section  class='avia-team-member av-xkp1ik-861d88c905922fca6ae41347f7602df6  avia-builder-el-8  avia-builder-el-no-sibling '  itemscope=\"itemscope\" itemtype=\"https:\/\/schema.org\/Person\" ><h3 class='team-member-name '  itemprop=\"name\" > Dr. Simon Jackson<\/h3><div class='team-member-job-title '  itemprop=\"jobTitle\" >ACCC Chair &amp; Vice-pr\u00e9sident<\/div><div class='team-member-description '  itemprop=\"description\" ><p>Division of Cardiology<br \/>\nQEII - Halifax Infirmary (HI) Site<br \/>\nSuite 2129 Halifax Infirmary Building<br \/>\n1796 Summer Street<br \/>\nHalifax, NS B3H 3A7<\/p>\n<\/div><span class='hidden team-member-affiliation'  itemprop=\"affiliation\" >Atlantic Cardiovascular Society<\/span><\/section><\/div>\n\n<style type=\"text\/css\" data-created_by=\"avia_inline_auto\" id=\"style-css-av-wpzxkc-c37059d831d6688d07867123bf3337fc\">\n.flex_column.av-wpzxkc-c37059d831d6688d07867123bf3337fc{\n-webkit-border-radius:0px 0px 0px 0px;\n-moz-border-radius:0px 0px 0px 0px;\nborder-radius:0px 0px 0px 0px;\n}\n<\/style>\n<div class='flex_column av-wpzxkc-c37059d831d6688d07867123bf3337fc av_one_half  avia-builder-el-9  el_after_av_one_half  el_before_av_heading  first flex_column_div av-zero-column-padding column-top-margin'     ><section  class='avia-team-member av-u46nrw-f6033505678aa26d08d22d4bfa56645a  avia-builder-el-10  avia-builder-el-no-sibling '  itemscope=\"itemscope\" itemtype=\"https:\/\/schema.org\/Person\" ><h3 class='team-member-name '  itemprop=\"name\" >Pat Lively<\/h3><div class='team-member-job-title '  itemprop=\"jobTitle\" >Directeur ex\u00e9cutif<\/div><div class='team-member-description '  itemprop=\"description\" ><p>36 St. James Street Unit 501<br \/>\nSaint John, NB E2L 1V3<br \/>\nPhone: (506) 639-2284<\/p>\n<\/div><span class='hidden team-member-affiliation'  itemprop=\"affiliation\" >Atlantic Cardiovascular Society<\/span><\/section><\/div>\n<style type=\"text\/css\" data-created_by=\"avia_inline_auto\" id=\"style-css-av-2mzt18-109c1fea54928773aee35d8f02a56c34\">\n#top .av-special-heading.av-2mzt18-109c1fea54928773aee35d8f02a56c34{\npadding-bottom:10px;\n}\nbody .av-special-heading.av-2mzt18-109c1fea54928773aee35d8f02a56c34 .av-special-heading-tag .heading-char{\nfont-size:25px;\n}\n.av-special-heading.av-2mzt18-109c1fea54928773aee35d8f02a56c34 .av-subheading{\nfont-size:15px;\n}\n<\/style>\n<div  class='av-special-heading av-2mzt18-109c1fea54928773aee35d8f02a56c34 av-special-heading-h3  avia-builder-el-11  el_after_av_one_half  el_before_av_one_half '><h3 class='av-special-heading-tag'  itemprop=\"headline\"  >Repr\u00e9sentation provinciale<\/h3><div class=\"special-heading-border\"><div class=\"special-heading-inner-border\"><\/div><\/div><\/div><\/p>\n<div class='flex_column av-rfuido-e30ae5ceb41aa58834f76289d8c6e7f9 av_one_half  avia-builder-el-12  el_after_av_heading  el_before_av_one_half  first flex_column_div '     ><section  class='avia-team-member av-p73pbg-547c9e76fe33f7b503740a18f6e16d79  avia-builder-el-13  avia-builder-el-no-sibling '  itemscope=\"itemscope\" itemtype=\"https:\/\/schema.org\/Person\" ><h3 class='team-member-name '  itemprop=\"name\" >Dr. Paul MacDonald<\/h3><div class='team-member-job-title '  itemprop=\"jobTitle\" >Repr\u00e9sentation provinciale<\/div><div class='team-member-description '  itemprop=\"description\" ><p>Cape Breton Regional Hospital<br \/>\n1482 George Street<br \/>\nSydney, NS B1P 1P3<\/p>\n<\/div><span class='hidden team-member-affiliation'  itemprop=\"affiliation\" >Atlantic Cardiovascular Society<\/span><\/section><\/div>\n\n<style type=\"text\/css\" data-created_by=\"avia_inline_auto\" id=\"style-css-av-2gwbss-6f7285eabd1016756a15e8a00300d688\">\n.flex_column.av-2gwbss-6f7285eabd1016756a15e8a00300d688{\n-webkit-border-radius:0px 0px 0px 0px;\n-moz-border-radius:0px 0px 0px 0px;\nborder-radius:0px 0px 0px 0px;\n}\n<\/style>\n<div class='flex_column av-2gwbss-6f7285eabd1016756a15e8a00300d688 av_one_half  avia-builder-el-14  el_after_av_one_half  el_before_av_one_half  flex_column_div av-zero-column-padding '     ><section  class='avia-team-member av-ma2u7g-4da2c5349c6c1740b01f450ac58e2d78  avia-builder-el-15  avia-builder-el-no-sibling '  itemscope=\"itemscope\" itemtype=\"https:\/\/schema.org\/Person\" ><h3 class='team-member-name '  itemprop=\"name\" >Dr. Nicholas Giacomantonio<\/h3><div class='team-member-job-title '  itemprop=\"jobTitle\" >Repr\u00e9sentation provinciale<\/div><div class='team-member-description '  itemprop=\"description\" ><p>QEII Health Sciences Centre<br \/>\n1796 Summer Street<br \/>\nHalifax, NS B3H 3A7<\/p>\n<\/div><span class='hidden team-member-affiliation'  itemprop=\"affiliation\" >Atlantic Cardiovascular Society<\/span><\/section><\/div>\n<div class='flex_column av-k7o30s-019054f0795a9707bdb1ce1f01be2250 av_one_half  avia-builder-el-16  el_after_av_one_half  el_before_av_one_half  first flex_column_div column-top-margin'     ><section  class='avia-team-member av-jj1lfw-4a29601b7d52d6dc8f4af0fbe112bf4b  avia-builder-el-17  avia-builder-el-no-sibling '  itemscope=\"itemscope\" itemtype=\"https:\/\/schema.org\/Person\" ><h3 class='team-member-name '  itemprop=\"name\" >Dr. Jafna Cox<\/h3><div class='team-member-job-title '  itemprop=\"jobTitle\" >Repr\u00e9sentation provinciale<\/div><div class='team-member-description '  itemprop=\"description\" ><p>QEII Health Sciences Centre<br \/>\n1796 Summer Street<br \/>\nHalifax, NS B3H 3A7<\/p>\n<\/div><span class='hidden team-member-affiliation'  itemprop=\"affiliation\" >Atlantic Cardiovascular Society<\/span><\/section><\/div>\n\n<style type=\"text\/css\" data-created_by=\"avia_inline_auto\" id=\"style-css-av-i5h1m4-1b27f511b25fea867ae60da2ab4ef084\">\n.flex_column.av-i5h1m4-1b27f511b25fea867ae60da2ab4ef084{\n-webkit-border-radius:0px 0px 0px 0px;\n-moz-border-radius:0px 0px 0px 0px;\nborder-radius:0px 0px 0px 0px;\n}\n<\/style>\n<div class='flex_column av-i5h1m4-1b27f511b25fea867ae60da2ab4ef084 av_one_half  avia-builder-el-18  el_after_av_one_half  el_before_av_one_half  flex_column_div av-zero-column-padding column-top-margin'     ><section  class='avia-team-member av-fdukyk-df3f4e2bda07a646ebc6e3b1f0cce7a1  avia-builder-el-19  avia-builder-el-no-sibling '  itemscope=\"itemscope\" itemtype=\"https:\/\/schema.org\/Person\" ><h3 class='team-member-name '  itemprop=\"name\" >Dr. Kim Anderson<\/h3><div class='team-member-job-title '  itemprop=\"jobTitle\" >Repr\u00e9sentant en insuffisance cardiaque<\/div><div class='team-member-description '  itemprop=\"description\" ><p>QE ll HSC-HI Site<br \/>\n1796 Summer Street Unit 2111<br \/>\nHalifax, NS B3H 3A7<\/p>\n<\/div><span class='hidden team-member-affiliation'  itemprop=\"affiliation\" >Atlantic Cardiovascular Society<\/span><\/section><\/div>\n<div class='flex_column av-e8ndwc-26709bae19a10341e2f4515e30148eeb av_one_half  avia-builder-el-20  el_after_av_one_half  el_before_av_one_half  first flex_column_div column-top-margin'     ><section  class='avia-team-member av-cxhn2k-abb2bef141baca78f2f68e8c9c7279a4  avia-builder-el-21  avia-builder-el-no-sibling '  itemscope=\"itemscope\" itemtype=\"https:\/\/schema.org\/Person\" ><h3 class='team-member-name '  itemprop=\"name\" >Dr. Scott Bowen<\/h3><div class='team-member-job-title '  itemprop=\"jobTitle\" >Repr\u00e9sentation provinciale<\/div><div class='team-member-description '  itemprop=\"description\" ><p>158 Robert Angus Drive<br \/>\nAmherst, NS B4H 4R7<\/p>\n<\/div><span class='hidden team-member-affiliation'  itemprop=\"affiliation\" >Atlantic Cardiovascular Society<\/span><\/section><\/div>\n\n<style type=\"text\/css\" data-created_by=\"avia_inline_auto\" id=\"style-css-av-gjqd8-4623020f199c764812b7de0243b952c6\">\n.flex_column.av-gjqd8-4623020f199c764812b7de0243b952c6{\n-webkit-border-radius:0px 0px 0px 0px;\n-moz-border-radius:0px 0px 0px 0px;\nborder-radius:0px 0px 0px 0px;\n}\n<\/style>\n<div class='flex_column av-gjqd8-4623020f199c764812b7de0243b952c6 av_one_half  avia-builder-el-22  el_after_av_one_half  el_before_av_one_half  flex_column_div av-zero-column-padding column-top-margin'     ><section  class='avia-team-member av-2dg0ho-d7509e5386444c5dbb97923b53d8a1c7  avia-builder-el-23  avia-builder-el-no-sibling '  itemscope=\"itemscope\" itemtype=\"https:\/\/schema.org\/Person\" ><h3 class='team-member-name '  itemprop=\"name\" >Dr. Michel D\u2019Astous<\/h3><div class='team-member-job-title '  itemprop=\"jobTitle\" >Repr\u00e9sentation provinciale<\/div><div class='team-member-description '  itemprop=\"description\" ><p>Dr. Georges-L.-Dumont University Hospital Centre<br \/>\n330 Universit\u00e9 Avenue<br \/>\nMoncton, NB E1C 2Z3<\/p>\n<\/div><span class='hidden team-member-affiliation'  itemprop=\"affiliation\" >Atlantic Cardiovascular Society<\/span><\/section><\/div>\n\n<style type=\"text\/css\" data-created_by=\"avia_inline_auto\" id=\"style-css-av-gjqd8-4-7674dc9af5884cb0dca2ea243acd9c9c\">\n.flex_column.av-gjqd8-4-7674dc9af5884cb0dca2ea243acd9c9c{\n-webkit-border-radius:0px 0px 0px 0px;\n-moz-border-radius:0px 0px 0px 0px;\nborder-radius:0px 0px 0px 0px;\n}\n<\/style>\n<div class='flex_column av-gjqd8-4-7674dc9af5884cb0dca2ea243acd9c9c av_one_half  avia-builder-el-24  el_after_av_one_half  el_before_av_one_half  first flex_column_div av-zero-column-padding column-top-margin'     ><section  class='avia-team-member av-2dg0ho-3-787310ecf744ded430ff881e7f24a2e9  avia-builder-el-25  avia-builder-el-no-sibling '  itemscope=\"itemscope\" itemtype=\"https:\/\/schema.org\/Person\" ><h3 class='team-member-name '  itemprop=\"name\" >Dr. Jean-Fran\u00e7ois L\u00e9gar\u00e9<\/h3><div class='team-member-job-title '  itemprop=\"jobTitle\" >Repr\u00e9sentation provinciale<\/div><div class='team-member-description '  itemprop=\"description\" ><p>NB Heart Centre<br \/>\nP.O. Box 2100<br \/>\nSaint John, NB E2L 4L2<\/p>\n<\/div><span class='hidden team-member-affiliation'  itemprop=\"affiliation\" >Atlantic Cardiovascular Society<\/span><\/section><\/div>\n\n<style type=\"text\/css\" data-created_by=\"avia_inline_auto\" id=\"style-css-av-2cwq1o-ad0da33d0951185aa6685156adebb2ff\">\n.flex_column.av-2cwq1o-ad0da33d0951185aa6685156adebb2ff{\n-webkit-border-radius:0px 0px 0px 0px;\n-moz-border-radius:0px 0px 0px 0px;\nborder-radius:0px 0px 0px 0px;\n}\n<\/style>\n<div class='flex_column av-2cwq1o-ad0da33d0951185aa6685156adebb2ff av_one_half  avia-builder-el-26  el_after_av_one_half  el_before_av_one_half  flex_column_div av-zero-column-padding column-top-margin'     ><section  class='avia-team-member av-lt79fktz-000c8cae3eba7b5b85814cbb5d75d77e  avia-builder-el-27  avia-builder-el-no-sibling '  itemscope=\"itemscope\" itemtype=\"https:\/\/schema.org\/Person\" ><h3 class='team-member-name '  itemprop=\"name\" >Dr. Mohammad Almutawa<\/h3><div class='team-member-job-title '  itemprop=\"jobTitle\" >Repr\u00e9sentation provinciale<\/div><div class='team-member-description '  itemprop=\"description\" ><p>Health Sciences Centre<br \/>\n300 Prince Philip Drive<br \/>\nSt Johns, NL A1B 3V6<\/p>\n<\/div><span class='hidden team-member-affiliation'  itemprop=\"affiliation\" >Atlantic Cardiovascular Society<\/span><\/section><\/div>\n\n<style type=\"text\/css\" data-created_by=\"avia_inline_auto\" id=\"style-css-av-2mbdek-58f9fef38cc91659b9d7cb0adcac55fe\">\n.flex_column.av-2mbdek-58f9fef38cc91659b9d7cb0adcac55fe{\n-webkit-border-radius:0px 0px 0px 0px;\n-moz-border-radius:0px 0px 0px 0px;\nborder-radius:0px 0px 0px 0px;\n}\n<\/style>\n<div class='flex_column av-2mbdek-58f9fef38cc91659b9d7cb0adcac55fe av_one_half  avia-builder-el-28  el_after_av_one_half  avia-builder-el-last  first flex_column_div av-zero-column-padding column-top-margin'     ><section  class='avia-team-member av-m9o4yu2v-edf518671213e70d181c1bc92227e0cd  avia-builder-el-29  avia-builder-el-no-sibling '  itemscope=\"itemscope\" itemtype=\"https:\/\/schema.org\/Person\" ><h3 class='team-member-name '  itemprop=\"name\" >Dr. Victoria Zotova<\/h3><div class='team-member-job-title '  itemprop=\"jobTitle\" >Repr\u00e9sentation provinciale<\/div><div class='team-member-description '  itemprop=\"description\" ><p>65 Roy Boates Ave.<br \/>\nSummerside, PE C1N 6M<\/p>\n<\/div><span class='hidden team-member-affiliation'  itemprop=\"affiliation\" >Atlantic Cardiovascular Society<\/span><\/section><\/div>\n","protected":false},"excerpt":{"rendered":"","protected":false},"author":1,"featured_media":0,"parent":4497,"menu_order":0,"comment_status":"closed","ping_status":"closed","template":"","meta":{"_links_to":"","_links_to_target":""},"_links":{"self":[{"href":"https:\/\/ac-society.org\/wp\/wp-json\/wp\/v2\/pages\/4492"}],"collection":[{"href":"https:\/\/ac-society.org\/wp\/wp-json\/wp\/v2\/pages"}],"about":[{"href":"https:\/\/ac-society.org\/wp\/wp-json\/wp\/v2\/types\/page"}],"author":[{"embeddable":true,"href":"https:\/\/ac-society.org\/wp\/wp-json\/wp\/v2\/users\/1"}],"replies":[{"embeddable":true,"href":"https:\/\/ac-society.org\/wp\/wp-json\/wp\/v2\/comments?post=4492"}],"version-history":[{"count":28,"href":"https:\/\/ac-society.org\/wp\/wp-json\/wp\/v2\/pages\/4492\/revisions"}],"predecessor-version":[{"id":10069,"href":"https:\/\/ac-society.org\/wp\/wp-json\/wp\/v2\/pages\/4492\/revisions\/10069"}],"up":[{"embeddable":true,"href":"https:\/\/ac-society.org\/wp\/wp-json\/wp\/v2\/pages\/4497"}],"wp:attachment":[{"href":"https:\/\/ac-society.org\/wp\/wp-json\/wp\/v2\/media?parent=4492"}],"curies":[{"name":"wp","href":"https:\/\/api.w.org\/{rel}","templated":true}]}}